{"id":2070,"date":"2024-01-03T09:10:27","date_gmt":"2024-01-03T09:10:27","guid":{"rendered":"https:\/\/cvd-expert-network.eu\/?page_id=2070"},"modified":"2024-01-03T09:16:54","modified_gmt":"2024-01-03T09:16:54","slug":"prof-dr-med-bernhard-rauch","status":"publish","type":"page","link":"https:\/\/cvd-expert-network.eu\/?page_id=2070","title":{"rendered":"Prof. Dr. med. Bernhard Rauch"},"content":{"rendered":"<div data-colibri-id=\"2070-c1\" class=\"style-891 style-local-2070-c1 position-relative\">\n  <!---->\n  <div data-colibri-component=\"section\" data-colibri-id=\"2070-c2\" id=\"about\" class=\"h-section h-section-global-spacing d-flex align-items-lg-center align-items-md-center align-items-center style-892 style-local-2070-c2 position-relative\">\n    <!---->\n    <!---->\n    <div class=\"h-section-grid-container h-section-boxed-container\">\n      <!---->\n      <div data-colibri-id=\"2070-c3\" class=\"h-row-container gutters-row-lg-2 gutters-row-md-2 gutters-row-2 gutters-row-v-lg-2 gutters-row-v-md-2 gutters-row-v-2 style-893 style-local-2070-c3 position-relative\">\n        <!---->\n        <div class=\"h-row justify-content-lg-center justify-content-md-center justify-content-center align-items-lg-stretch align-items-md-stretch align-items-stretch gutters-col-lg-2 gutters-col-md-2 gutters-col-2 gutters-col-v-lg-2 gutters-col-v-md-2 gutters-col-v-2\">\n          <!---->\n          <div class=\"h-column h-column-container d-flex h-col-lg-auto h-col-md-auto h-col-auto style-894-outer style-local-2070-c4-outer\">\n            <div data-colibri-id=\"2070-c4\" class=\"d-flex h-flex-basis h-column__inner h-px-lg-2 h-px-md-2 h-px-2 v-inner-lg-2 v-inner-md-2 v-inner-2 style-894 style-local-2070-c4 position-relative\">\n              <!---->\n              <!---->\n              <div class=\"w-100 h-y-container h-column__content h-column__v-align flex-basis-100 align-self-lg-center align-self-md-center align-self-center\">\n                <!---->\n                <div data-colibri-id=\"2070-c5\" class=\"h-global-transition-all h-heading style-895 style-local-2070-c5 position-relative h-element\">\n                  <!---->\n                  <div class=\"h-heading__outer style-895 style-local-2070-c5\">\n                    <!---->\n                    <!---->\n                    <h5 class=\"\">ZAR Trier<\/h5>\n                  <\/div>\n                <\/div>\n                <div data-colibri-id=\"2070-c6\" class=\"h-global-transition-all h-heading style-896 style-local-2070-c6 position-relative h-element\">\n                  <!---->\n                  <div class=\"h-heading__outer style-896 style-local-2070-c6\">\n                    <!---->\n                    <!---->\n                    <h2 class=\"\">Prof. Dr. med. <em style=\"font-family: &quot;Playfair Display&quot;; color: rgb(247, 144, 7);\">Bernhard Rauch<\/em><\/h2>\n                  <\/div>\n                <\/div>\n                <div data-colibri-id=\"2070-c7\" class=\"h-text h-text-component style-897 style-local-2070-c7 position-relative h-element\">\n                  <!---->\n                  <!---->\n                  <div class=\"\">\n                    <p>Prof. Dr. med. Bernhard Rauch, Facharzt f\u00fcr Innere Medizin, Kardiologie, Angiologie, Sozialmedizin,Rehabilitationswesen, Kardiovaskul\u00e4rer Pr\u00e4ventivmediziner DGPR<\/p>\n                  <\/div>\n                <\/div>\n              <\/div>\n            <\/div>\n          <\/div>\n          <div class=\"h-column h-column-container d-flex h-col-lg-auto h-col-md-auto h-col-auto style-898-outer style-local-2070-c8-outer\">\n            <div data-colibri-id=\"2070-c8\" class=\"d-flex h-flex-basis h-column__inner h-px-lg-2 h-px-md-2 h-px-2 v-inner-lg-2 v-inner-md-2 v-inner-2 style-898 style-local-2070-c8 position-relative\">\n              <!---->\n              <!---->\n              <div class=\"w-100 h-y-container h-column__content h-column__v-align flex-basis-100 align-self-lg-center align-self-md-center align-self-center\">\n                <!---->\n                <div data-colibri-id=\"2070-c9\" class=\"d-block style-899 style-local-2070-c9 position-relative h-element\">\n                  <!---->\n                  <div class=\"h-image__frame-container-outer\">\n                    <div class=\"h-image__frame-container\">\n                      <!---->\n                      <!---->\n                      <img loading=\"lazy\" decoding=\"async\" width=\"1707\" height=\"1707\" src=\"https:\/\/cvd-expert-network.eu\/wp-content\/uploads\/2024\/01\/cropped-Bernhard-Rauch-14-von-14-4-scaled-1.jpg\" class=\"wp-image-2075 style-899-image style-local-2070-c9-image\" alt=\"\" srcset=\"https:\/\/cvd-expert-network.eu\/wp-content\/uploads\/2024\/01\/cropped-Bernhard-Rauch-14-von-14-4-scaled-1.jpg 1707w, https:\/\/cvd-expert-network.eu\/wp-content\/uploads\/2024\/01\/cropped-Bernhard-Rauch-14-von-14-4-scaled-1-300x300.jpg 300w, https:\/\/cvd-expert-network.eu\/wp-content\/uploads\/2024\/01\/cropped-Bernhard-Rauch-14-von-14-4-scaled-1-1024x1024.jpg 1024w, https:\/\/cvd-expert-network.eu\/wp-content\/uploads\/2024\/01\/cropped-Bernhard-Rauch-14-von-14-4-scaled-1-150x150.jpg 150w, https:\/\/cvd-expert-network.eu\/wp-content\/uploads\/2024\/01\/cropped-Bernhard-Rauch-14-von-14-4-scaled-1-768x768.jpg 768w, https:\/\/cvd-expert-network.eu\/wp-content\/uploads\/2024\/01\/cropped-Bernhard-Rauch-14-von-14-4-scaled-1-1536x1536.jpg 1536w\" sizes=\"auto, (max-width: 1707px) 100vw, 1707px\" \/>\n                      <div class=\"h-image__frame h-hide-sm style-899-frameImage style-local-2070-c9-frameImage\"><\/div>\n                    <\/div>\n                  <\/div>\n                <\/div>\n              <\/div>\n            <\/div>\n          <\/div>\n        <\/div>\n      <\/div>\n    <\/div>\n  <\/div>\n  <div data-colibri-component=\"section\" data-colibri-id=\"2070-c10\" id=\"custom\" class=\"h-section h-section-global-spacing d-flex align-items-lg-center align-items-md-center align-items-center style-900 style-local-2070-c10 position-relative\">\n    <!---->\n    <!---->\n    <div class=\"h-section-grid-container h-section-boxed-container\">\n      <!---->\n      <div data-colibri-id=\"2070-c11\" class=\"h-row-container gutters-row-lg-2 gutters-row-md-2 gutters-row-0 gutters-row-v-lg-2 gutters-row-v-md-2 gutters-row-v-2 style-901 style-local-2070-c11 position-relative\">\n        <!---->\n        <div class=\"h-row justify-content-lg-center justify-content-md-center justify-content-center align-items-lg-stretch align-items-md-stretch align-items-stretch gutters-col-lg-2 gutters-col-md-2 gutters-col-0 gutters-col-v-lg-2 gutters-col-v-md-2 gutters-col-v-2\">\n          <!---->\n          <div class=\"h-column h-column-container d-flex h-col-lg-auto h-col-md-auto h-col-auto style-902-outer style-local-2070-c12-outer\">\n            <div data-colibri-id=\"2070-c12\" class=\"d-flex h-flex-basis h-column__inner h-px-lg-2 h-px-md-2 h-px-2 v-inner-lg-2 v-inner-md-2 v-inner-2 style-902 style-local-2070-c12 position-relative\">\n              <!---->\n              <!---->\n              <div class=\"w-100 h-y-container h-column__content h-column__v-align flex-basis-100 align-self-lg-start align-self-md-start align-self-start\">\n                <!---->\n                <div data-colibri-id=\"2070-c13\" class=\"style-903 style-local-2070-c13 position-relative h-element\">\n                  <!---->\n                  <div class=\"d-flex flex-wrap h-social-icons justify-content-lg-center justify-content-md-center justify-content-center\">\n                    <div class=\"social-icon-container d-inline-flex\">\n                      <a href=\"https:\/\/www.researchgate.net\/profile\/Bernhard-Rauch-2\" target=\"_blank\" h-use-smooth-scroll=\"true\" rel=\"noopener\">\n                        <div class=\"icon-container h-social-icon h-global-transition\">\n                          <div class=\"h-icon-svg\" style=\"width: 100%; height: 100%;\">\n                            <!--Icon by Socicon (http:\/\/www.socicon.com)-->\n                            <svg version=\"1.1\" xmlns=\"http:\/\/www.w3.org\/2000\/svg\" viewBox=\"0 0 1500 1500\">\n\n                              <path d=\"M984.375 1500c32.227 0 64.453-5.859 84.961-14.648v-46.875c-64.453 0-128.906-43.945-175.781-93.75-79.102-84.961-184.57-225.586-272.461-380.859 146.484-35.156 251.953-169.922 251.953-304.688 0-202.148-155.273-295.898-360.352-295.898-105.469 0-190.43 5.859-269.531 5.859-70.313 0-143.555 0-187.5 0v49.805l67.383 11.719c46.875 11.719 76.172 32.227 76.172 143.555v703.125c0 111.328-29.297 131.836-76.172 140.625l-67.383 11.719v55.664c49.805-2.93 134.766-5.859 216.797-5.859s184.57 2.93 231.445 5.859v-52.734l-93.75-11.719c-49.805-8.789-73.242-29.297-73.242-140.625v-298.828c43.945 2.93 79.102 2.93 137.695 2.93 108.398 193.359 210.938 342.773 269.531 410.156 55.664 64.453 137.695 105.469 240.234 105.469M465.82 902.344c-61.523 0-87.891 0-128.906-5.859v-448.242c41.016-2.93 93.75-2.93 143.555-2.93 152.344 0 240.234 79.102 240.234 219.727 0 143.555-96.68 237.305-254.883 237.305M1010.742 451.172c0-8.789-2.93-20.508-2.93-32.227-2.93-11.719-2.93-29.297-2.93-46.875s-2.93-38.086-2.93-61.523c0-23.438 0-46.875 2.93-64.453 0-17.578 0-32.227 2.93-43.945 0-11.719 2.93-23.438 2.93-32.227 2.93-8.789 5.859-17.578 8.789-26.367 14.648-46.875 38.086-82.031 76.172-105.469 35.156-26.367 76.172-38.086 128.906-38.086 26.367 0 49.805 2.93 70.313 8.789 23.438 5.859 41.016 14.648 58.594 26.367 14.648 8.789 29.297 23.438 41.016 38.086s20.508 29.297 29.297 43.945c2.93 5.859 0 11.719-2.93 14.648l-64.453 26.367c-5.859 2.93-8.789 0-11.719-5.859-14.648-26.367-26.367-43.945-49.805-58.594-20.508-11.719-38.086-17.578-70.313-17.578-35.156 0-49.805 5.859-70.313 20.508s-38.086 35.156-46.875 64.453c-2.93 5.859-2.93 11.719-5.859 17.578-2.93 8.789-2.93 17.578-5.859 29.297 0 11.719 0 26.367 0 41.016 0 17.578-2.93 35.156-2.93 58.594s0 41.016 2.93 58.594c0 17.578 0 29.297 0 41.016 2.93 8.789 2.93 20.508 5.859 26.367 0 8.789 2.93 14.648 5.859 20.508 8.789 29.297 23.438 43.945 41.016 58.594 20.508 11.719 43.945 20.508 76.172 20.508 29.297 0 58.594-8.789 76.172-20.508 17.578-14.648 32.227-32.227 41.016-55.664 2.93-8.789 5.859-23.438 8.789-38.086s2.93-29.297 2.93-52.734c0-2.93-2.93-5.859-5.859-5.859h-105.469c-5.859 0-8.789-2.93-8.789-8.789v-61.523c0-5.859 2.93-8.789 8.789-8.789h193.359c5.859 0 8.789 2.93 8.789 8.789v55.664c0 26.367 0 52.734-2.93 73.242-2.93 23.438-5.859 43.945-11.719 58.594-14.648 46.875-35.156 79.102-73.242 105.469-35.156 23.438-79.102 35.156-131.836 35.156-49.805 0-93.75-11.719-128.906-35.156s-58.594-58.594-76.172-105.469c-2.93-5.859-5.859-17.578-8.789-26.367\"><\/path>\n                            <\/svg>\n                          <\/div>\n                        <\/div>\n                      <\/a>\n                    <\/div>\n                  <\/div>\n                <\/div>\n              <\/div>\n            <\/div>\n          <\/div>\n        <\/div>\n      <\/div>\n    <\/div>\n  <\/div>\n<\/div>","protected":false},"excerpt":{"rendered":"<p>ZAR Trier Prof. Dr. med. Bernhard Rauch Prof. Dr. med. Bernhard Rauch, Facharzt f\u00fcr Innere Medizin, Kardiologie, Angiologie, Sozialmedizin,Rehabilitationswesen, Kardiovaskul\u00e4rer Pr\u00e4ventivmediziner DGPR<\/p>\n","protected":false},"author":2,"featured_media":0,"parent":0,"menu_order":0,"comment_status":"closed","ping_status":"closed","template":"page-templates\/full-width-page.php","meta":{"_bbp_topic_count":0,"_bbp_reply_count":0,"_bbp_total_topic_count":0,"_bbp_total_reply_count":0,"_bbp_voice_count":0,"_bbp_anonymous_reply_count":0,"_bbp_topic_count_hidden":0,"_bbp_reply_count_hidden":0,"_bbp_forum_subforum_count":0,"footnotes":""},"class_list":["post-2070","page","type-page","status-publish","hentry"],"_links":{"self":[{"href":"https:\/\/cvd-expert-network.eu\/index.php?rest_route=\/wp\/v2\/pages\/2070","targetHints":{"allow":["GET"]}}],"collection":[{"href":"https:\/\/cvd-expert-network.eu\/index.php?rest_route=\/wp\/v2\/pages"}],"about":[{"href":"https:\/\/cvd-expert-network.eu\/index.php?rest_route=\/wp\/v2\/types\/page"}],"author":[{"embeddable":true,"href":"https:\/\/cvd-expert-network.eu\/index.php?rest_route=\/wp\/v2\/users\/2"}],"replies":[{"embeddable":true,"href":"https:\/\/cvd-expert-network.eu\/index.php?rest_route=%2Fwp%2Fv2%2Fcomments&post=2070"}],"version-history":[{"count":2,"href":"https:\/\/cvd-expert-network.eu\/index.php?rest_route=\/wp\/v2\/pages\/2070\/revisions"}],"predecessor-version":[{"id":2077,"href":"https:\/\/cvd-expert-network.eu\/index.php?rest_route=\/wp\/v2\/pages\/2070\/revisions\/2077"}],"wp:attachment":[{"href":"https:\/\/cvd-expert-network.eu\/index.php?rest_route=%2Fwp%2Fv2%2Fmedia&parent=2070"}],"curies":[{"name":"wp","href":"https:\/\/api.w.org\/{rel}","templated":true}]}}